{"id":20631,"date":"2026-04-22T12:00:33","date_gmt":"2026-04-22T09:00:33","guid":{"rendered":"https:\/\/desimal.com.tr\/?page_id=20631"},"modified":"2026-04-29T12:13:04","modified_gmt":"2026-04-29T09:13:04","slug":"sign-up","status":"publish","type":"page","link":"https:\/\/desimal.com.tr\/en\/sign-up\/","title":{"rendered":"Sign Up"},"content":{"rendered":"\n<div class=\"um um-register um-20467\">\n\t<div class=\"um-form\" data-mode=\"register\">\n\t\t<form method=\"post\" action=\"\">\n\t\t\t<div class=\"um-row _um_row_1 \" style=\"margin: 0 0 30px 0;\"><div class=\"um-col-1\"><div  id=\"um_field_20467_ad_soyad\" class=\"um-field um-field-text  um-field-ad_soyad um-field-text um-field-type_text\" data-key=\"ad_soyad\"><div class=\"um-field-label\"><label for=\"ad_soyad-20467\">Ad Soyad<\/label><div class=\"um-clear\"><\/div><\/div><div class=\"um-field-area\"><input  autocomplete=\"off\" class=\"um-form-field valid not-required \" type=\"text\" name=\"ad_soyad-20467\" id=\"ad_soyad-20467\" value=\"\" placeholder=\"\" data-validate=\"\" data-key=\"ad_soyad\"  aria-invalid=\"false\" \/>\n\n\t\t\t\t\t\t<\/div><\/div><div  id=\"um_field_20467_user_email\" class=\"um-field um-field-text  um-field-user_email um-field-text um-field-type_text\" data-key=\"user_email\"><div class=\"um-field-label\"><label for=\"user_email-20467\">E-Posta<\/label><div class=\"um-clear\"><\/div><\/div><div class=\"um-field-area\"><input  autocomplete=\"off\" class=\"um-form-field valid \" type=\"text\" name=\"user_email-20467\" id=\"user_email-20467\" value=\"\" placeholder=\"\" data-validate=\"unique_email\" data-key=\"user_email\"  aria-invalid=\"false\" \/>\n\n\t\t\t\t\t\t<\/div><\/div><div  id=\"um_field_20467_user_password\" class=\"um-field um-field-password  um-field-user_password um-field-password um-field-type_password\" data-key=\"user_password\"><div class=\"um-field-label\"><label for=\"user_password-20467\">\u015e\u0130fre<\/label><div class=\"um-clear\"><\/div><\/div><div class=\"um-field-area\"><input class=\"um-form-field valid \" type=\"password\" name=\"user_password-20467\" id=\"user_password-20467\" value=\"\" placeholder=\"\" data-validate=\"\" data-key=\"user_password\"  aria-invalid=\"false\" \/>\n\n\t\t\t\t\t\t\t<\/div><\/div><div  id=\"um_field_20467_confirm_user_password\" class=\"um-field um-field-password  um-field-user_password um-field-password um-field-type_password\" data-key=\"confirm_user_password\"><div class=\"um-field-label\"><label for=\"confirm_user_password-20467\">Confirm \u015e\u0130fre<\/label><div class=\"um-clear\"><\/div><\/div><div class=\"um-field-area\"><input class=\"um-form-field valid \" type=\"password\" name=\"confirm_user_password-20467\" id=\"confirm_user_password-20467\" value=\"\" placeholder=\"Confirm \u015e\u0130fre\" data-validate=\"\" data-key=\"confirm_user_password\"  aria-invalid=\"false\" \/><\/div><\/div><div  id=\"um_field_20467_telefon\" class=\"um-field um-field-number  um-field-telefon um-field-number um-field-type_number\" data-key=\"telefon\"><div class=\"um-field-label\"><label for=\"telefon-20467\">Telefon<\/label><div class=\"um-clear\"><\/div><\/div><div class=\"um-field-area\"><input  class=\"um-form-field valid not-required \" type=\"number\" name=\"telefon-20467\" id=\"telefon-20467\" value=\"\" placeholder=\"05\" data-validate=\"\" data-key=\"telefon\"   aria-invalid=\"false\" \/>\n\n\t\t\t\t\t\t<\/div><\/div><div  id=\"um_field_20467_firma_adi\" class=\"um-field um-field-text  um-field-firma_adi um-field-text um-field-type_text\" data-key=\"firma_adi\"><div class=\"um-field-label\"><label for=\"firma_adi-20467\">Firma Ad\u0131<\/label><div class=\"um-clear\"><\/div><\/div><div class=\"um-field-area\"><input  autocomplete=\"off\" class=\"um-form-field valid not-required \" type=\"text\" name=\"firma_adi-20467\" id=\"firma_adi-20467\" value=\"\" placeholder=\"\" data-validate=\"\" data-key=\"firma_adi\"  aria-invalid=\"false\" \/>\n\n\t\t\t\t\t\t<\/div><\/div><div  id=\"um_field_20467_firma_turu\" class=\"um-field um-field-select  um-field-firma_turu um-field-select um-field-type_select\" data-key=\"firma_turu\"><div class=\"um-field-label\"><label for=\"firma_turu-20467\">Firma T\u00fcr\u00fc<\/label><div class=\"um-clear\"><\/div><\/div><div class=\"um-field-area  \"><select data-default=\"\"     name=\"firma_turu\" id=\"firma_turu\" data-validate=\"\" data-key=\"firma_turu\" class=\"um-form-field valid not-required um-s1 \" style=\"width: 100%\" data-placeholder=\"\"   aria-invalid=\"false\" ><option value=\"\"><\/option><option value=\"EDA\u015e\" >EDA\u015e<\/option><option value=\"Tedarik\u00e7i\" >Tedarik\u00e7i<\/option><option value=\"Di\u011fer Firmalar\" >Di\u011fer Firmalar<\/option><\/select><\/div><\/div><div  id=\"um_field_20467_rol_departman\" class=\"um-field um-field-text  um-field-rol_departman um-field-text um-field-type_text\" data-key=\"rol_departman\"><div class=\"um-field-label\"><label for=\"rol_departman-20467\">Rol\u00fc \/ Departman\u0131<\/label><div class=\"um-clear\"><\/div><\/div><div class=\"um-field-area\"><input  autocomplete=\"off\" class=\"um-form-field valid not-required \" type=\"text\" name=\"rol_departman-20467\" id=\"rol_departman-20467\" value=\"\" placeholder=\"\" data-validate=\"\" data-key=\"rol_departman\"  aria-invalid=\"false\" \/>\n\n\t\t\t\t\t\t<\/div><\/div><div  id=\"um_field_20467_kvkk_riza\" class=\"um-field um-field-checkbox  um-field-kvkk_riza um-field-checkbox um-field-type_checkbox\" data-key=\"kvkk_riza\"  aria-invalid=\"false\" ><div class=\"um-field-area\"><label class=\"um-field-checkbox  um-field-half  um-field-radio-state-disabled\"><input   type=\"checkbox\" name=\"kvkk_riza[]\" value=\"Ki\u00c5\u009fisel verilerimin i\u00c5\u009flenmesine dair a\u00c3\u00a7\u00c4\u00b1k r\u00c4\u00b1za veriyorum.\"  \/><span class=\"um-field-checkbox-state\"><i class=\"um-icon-android-checkbox-outline-blank\"><\/i><\/span><span class=\"um-field-checkbox-option\">Ki\u015fisel verilerimin i\u015flenmesine dair a\u00e7\u0131k r\u0131za veriyorum.<\/span><\/label><div class=\"um-clear\"><\/div><\/div><\/div><div  id=\"um_field_20467_aydinlanma_metni\" class=\"um-field um-field-checkbox  um-field-aydinlanma_metni um-field-checkbox um-field-type_checkbox\" data-key=\"aydinlanma_metni\"  aria-invalid=\"false\" ><div class=\"um-field-area\"><label class=\"um-field-checkbox  um-field-half  um-field-radio-state-disabled\"><input   type=\"checkbox\" name=\"aydinlanma_metni[]\" value=\"Ayd\u00c4\u00b1nlatma Metni&#039;ni okudum ve anlad\u00c4\u00b1m.\"  \/><span class=\"um-field-checkbox-state\"><i class=\"um-icon-android-checkbox-outline-blank\"><\/i><\/span><span class=\"um-field-checkbox-option\">Ayd\u0131nlatma Metni&#039;ni okudum ve anlad\u0131m.<\/span><\/label><div class=\"um-clear\"><\/div><\/div><\/div><div  class=\"um-field um-field-block  um-field-block um-field-type_block\" data-key=\"um_block_20467_11\"><a href=\"\/aydinlatma-metni\" target=\"_blank\">Ayd\u0131nlatma Metni'ni okumak i\u00e7in buraya t\u0131klay\u0131n.<\/a><\/div><\/div><\/div>\t<input type=\"hidden\" name=\"form_id\" id=\"form_id_20467\" value=\"20467\" \/>\n\t\t<p class=\"um_request_name\">\n\t\t<label for=\"um_request_20467\">Only fill in if you are not human<\/label>\n\t\t<input type=\"hidden\" name=\"um_request\" id=\"um_request_20467\" class=\"input\" value=\"\" size=\"25\" autocomplete=\"off\" \/>\n\t<\/p>\n\t<input type=\"hidden\" id=\"_wpnonce\" name=\"_wpnonce\" value=\"a04700300e\" \/><input type=\"hidden\" name=\"_wp_http_referer\" value=\"\/en\/wp-json\/wp\/v2\/pages\/20631\" \/>\n\t<div class=\"um-col-alt\">\n\n\t\t\n\t\t\t<div class=\"um-center\">\n\t\t\t\t<input type=\"submit\" value=\"Register\" class=\"um-button\" id=\"um-submit-btn\" \/>\n\t\t\t<\/div>\n\n\t\t\n\t\t<div class=\"um-clear\"><\/div>\n\n\t<\/div>\n\n\t\t\t<\/form>\n\t<\/div>\n<\/div>\n<style>\n\t\t\t.um-20467.um {\n\t\t\tmax-width: 450px;\n\t\t}\n\t\t<\/style>\n\n","protected":false},"excerpt":{"rendered":"","protected":false},"author":1,"featured_media":0,"parent":0,"menu_order":10,"comment_status":"closed","ping_status":"closed","template":"","meta":{"footnotes":""},"class_list":["post-20631","page","type-page","status-publish","hentry"],"_links":{"self":[{"href":"https:\/\/desimal.com.tr\/en\/wp-json\/wp\/v2\/pages\/20631","targetHints":{"allow":["GET"]}}],"collection":[{"href":"https:\/\/desimal.com.tr\/en\/wp-json\/wp\/v2\/pages"}],"about":[{"href":"https:\/\/desimal.com.tr\/en\/wp-json\/wp\/v2\/types\/page"}],"author":[{"embeddable":true,"href":"https:\/\/desimal.com.tr\/en\/wp-json\/wp\/v2\/users\/1"}],"replies":[{"embeddable":true,"href":"https:\/\/desimal.com.tr\/en\/wp-json\/wp\/v2\/comments?post=20631"}],"version-history":[{"count":3,"href":"https:\/\/desimal.com.tr\/en\/wp-json\/wp\/v2\/pages\/20631\/revisions"}],"predecessor-version":[{"id":20640,"href":"https:\/\/desimal.com.tr\/en\/wp-json\/wp\/v2\/pages\/20631\/revisions\/20640"}],"wp:attachment":[{"href":"https:\/\/desimal.com.tr\/en\/wp-json\/wp\/v2\/media?parent=20631"}],"curies":[{"name":"wp","href":"https:\/\/api.w.org\/{rel}","templated":true}]}}